{"id":209,"date":"2024-02-14T11:25:30","date_gmt":"2024-02-14T10:25:30","guid":{"rendered":"https:\/\/lesclesdemathilde.fr\/?page_id=209"},"modified":"2024-11-28T15:03:53","modified_gmt":"2024-11-28T14:03:53","slug":"tarifs","status":"publish","type":"page","link":"https:\/\/lesclesdemathilde.fr\/index.php\/tarifs\/","title":{"rendered":"Tarifs"},"content":{"rendered":"\t\t<div data-elementor-type=\"wp-page\" data-elementor-id=\"209\" class=\"elementor elementor-209\" data-elementor-post-type=\"page\">\n\t\t\t\t<div class=\"elementor-element elementor-element-5c552b7 elementor-hidden-tablet elementor-hidden-mobile e-flex e-con-boxed e-con e-parent\" data-id=\"5c552b7\" data-element_type=\"container\" data-e-type=\"container\" data-settings=\"{&quot;background_background&quot;:&quot;classic&quot;,&quot;shape_divider_bottom&quot;:&quot;tilt&quot;}\">\n\t\t\t\t\t<div class=\"e-con-inner\">\n\t\t\t\t<div class=\"elementor-shape elementor-shape-bottom\" aria-hidden=\"true\" data-negative=\"false\">\n\t\t\t<svg xmlns=\"http:\/\/www.w3.org\/2000\/svg\" viewBox=\"0 0 1000 100\" preserveAspectRatio=\"none\">\n\t<path class=\"elementor-shape-fill\" d=\"M0,6V0h1000v100L0,6z\"\/>\n<\/svg>\t\t<\/div>\n\t\t<div class=\"elementor-element elementor-element-fe09b20 e-con-full e-flex e-con e-child\" data-id=\"fe09b20\" data-element_type=\"container\" data-e-type=\"container\">\n\t\t\t\t<div class=\"elementor-element elementor-element-f59860a e-transform elementor-widget elementor-widget-image\" data-id=\"f59860a\" data-element_type=\"widget\" data-e-type=\"widget\" data-settings=\"{&quot;_transform_translateY_effect&quot;:{&quot;unit&quot;:&quot;px&quot;,&quot;size&quot;:55,&quot;sizes&quot;:[]},&quot;_transform_translateX_effect&quot;:{&quot;unit&quot;:&quot;px&quot;,&quot;size&quot;:&quot;&quot;,&quot;sizes&quot;:[]},&quot;_transform_translateX_effect_tablet&quot;:{&quot;unit&quot;:&quot;px&quot;,&quot;size&quot;:&quot;&quot;,&quot;sizes&quot;:[]},&quot;_transform_translateX_effect_mobile&quot;:{&quot;unit&quot;:&quot;px&quot;,&quot;size&quot;:&quot;&quot;,&quot;sizes&quot;:[]},&quot;_transform_translateY_effect_tablet&quot;:{&quot;unit&quot;:&quot;px&quot;,&quot;size&quot;:&quot;&quot;,&quot;sizes&quot;:[]},&quot;_transform_translateY_effect_mobile&quot;:{&quot;unit&quot;:&quot;px&quot;,&quot;size&quot;:&quot;&quot;,&quot;sizes&quot;:[]}}\" data-widget_type=\"image.default\">\n\t\t\t\t<div class=\"elementor-widget-container\">\n\t\t\t\t\t\t\t\t\t\t\t\t\t\t\t<img fetchpriority=\"high\" decoding=\"async\" width=\"1080\" height=\"1080\" src=\"https:\/\/lesclesdemathilde.fr\/wp-content\/uploads\/2024\/02\/Plan-de-travail-1-1.png\" class=\"attachment-full size-full wp-image-294\" alt=\"Apparement avec bow-window\" srcset=\"https:\/\/lesclesdemathilde.fr\/wp-content\/uploads\/2024\/02\/Plan-de-travail-1-1.png 1080w, https:\/\/lesclesdemathilde.fr\/wp-content\/uploads\/2024\/02\/Plan-de-travail-1-1-300x300.png 300w, https:\/\/lesclesdemathilde.fr\/wp-content\/uploads\/2024\/02\/Plan-de-travail-1-1-1024x1024.png 1024w, https:\/\/lesclesdemathilde.fr\/wp-content\/uploads\/2024\/02\/Plan-de-travail-1-1-150x150.png 150w, https:\/\/lesclesdemathilde.fr\/wp-content\/uploads\/2024\/02\/Plan-de-travail-1-1-768x768.png 768w\" sizes=\"(max-width: 1080px) 100vw, 1080px\" \/>\t\t\t\t\t\t\t\t\t\t\t\t\t\t\t<\/div>\n\t\t\t\t<\/div>\n\t\t\t\t<\/div>\n\t\t<div class=\"elementor-element elementor-element-58dcdea e-con-full e-flex e-con e-child\" data-id=\"58dcdea\" data-element_type=\"container\" data-e-type=\"container\">\n\t\t\t\t<div class=\"elementor-element elementor-element-2f20bd0 elementor-invisible elementor-widget elementor-widget-spacer\" data-id=\"2f20bd0\" data-element_type=\"widget\" data-e-type=\"widget\" data-settings=\"{&quot;_animation&quot;:&quot;fadeInUp&quot;}\" data-widget_type=\"spacer.default\">\n\t\t\t\t<div class=\"elementor-widget-container\">\n\t\t\t\t\t\t\t<div class=\"elementor-spacer\">\n\t\t\t<div class=\"elementor-spacer-inner\"><\/div>\n\t\t<\/div>\n\t\t\t\t\t\t<\/div>\n\t\t\t\t<\/div>\n\t\t\t\t<div class=\"elementor-element elementor-element-5ac7465 elementor-invisible elementor-widget elementor-widget-heading\" data-id=\"5ac7465\" data-element_type=\"widget\" data-e-type=\"widget\" data-settings=\"{&quot;_animation&quot;:&quot;fadeInUp&quot;}\" data-widget_type=\"heading.default\">\n\t\t\t\t<div class=\"elementor-widget-container\">\n\t\t\t\t\t<h2 class=\"elementor-heading-title elementor-size-default\"><p style=\"margin: 0px;font-style: normal;font-size: 11px;line-height: normal\"><span style=\"font-family: Baskerville;font-weight: normal;letter-spacing: 0.2px;text-align: var(--text-align);font-size: 40px;line-height: normal\"><b>20%<\/b><\/span><span style=\"font-family: Baskerville;font-weight: normal;letter-spacing: 0.2px;text-align: var(--text-align);font-size: 30px;line-height: normal\"> <\/span><sup style=\"font-family: Baskerville;font-weight: normal;letter-spacing: 0.2px;text-align: var(--text-align)\">HT (+20% TVA)<\/sup><span style=\"font-family: Georgia, sans-serif;font-size: 1px;letter-spacing: 0.2px;text-align: var(--text-align)\"><\/span><br><\/p><\/h2>\t\t\t\t<\/div>\n\t\t\t\t<\/div>\n\t\t\t\t<div class=\"elementor-element elementor-element-6a680c3 elementor-invisible elementor-widget elementor-widget-heading\" data-id=\"6a680c3\" data-element_type=\"widget\" data-e-type=\"widget\" data-settings=\"{&quot;_animation&quot;:&quot;fadeInUp&quot;}\" data-widget_type=\"heading.default\">\n\t\t\t\t<div class=\"elementor-widget-container\">\n\t\t\t\t\t<h2 class=\"elementor-heading-title elementor-size-default\">des revenus mensuels du bien<\/h2>\t\t\t\t<\/div>\n\t\t\t\t<\/div>\n\t\t\t\t<div class=\"elementor-element elementor-element-28bd8a3 elementor-widget elementor-widget-text-editor\" data-id=\"28bd8a3\" data-element_type=\"widget\" data-e-type=\"widget\" data-widget_type=\"text-editor.default\">\n\t\t\t\t<div class=\"elementor-widget-container\">\n\t\t\t\t\t\t\t\t\t<p><i>(via la plateforme airbnb, booking)<\/i><br \/><!-- notionvc: c9fe7e1f-8de6-4cc9-958a-fabd0c46a111 --><\/p>\t\t\t\t\t\t\t\t<\/div>\n\t\t\t\t<\/div>\n\t\t\t\t<div class=\"elementor-element elementor-element-60acd84 elementor-widget elementor-widget-spacer\" data-id=\"60acd84\" data-element_type=\"widget\" data-e-type=\"widget\" data-widget_type=\"spacer.default\">\n\t\t\t\t<div class=\"elementor-widget-container\">\n\t\t\t\t\t\t\t<div class=\"elementor-spacer\">\n\t\t\t<div class=\"elementor-spacer-inner\"><\/div>\n\t\t<\/div>\n\t\t\t\t\t\t<\/div>\n\t\t\t\t<\/div>\n\t\t\t\t<\/div>\n\t\t\t\t\t<\/div>\n\t\t\t\t<\/div>\n\t\t<div class=\"elementor-element elementor-element-311c15f elementor-hidden-desktop elementor-hidden-tablet e-flex e-con-boxed e-con e-parent\" data-id=\"311c15f\" data-element_type=\"container\" data-e-type=\"container\" data-settings=\"{&quot;background_background&quot;:&quot;classic&quot;,&quot;shape_divider_bottom&quot;:&quot;tilt&quot;}\">\n\t\t\t\t\t<div class=\"e-con-inner\">\n\t\t\t\t<div class=\"elementor-shape elementor-shape-bottom\" aria-hidden=\"true\" data-negative=\"false\">\n\t\t\t<svg xmlns=\"http:\/\/www.w3.org\/2000\/svg\" viewBox=\"0 0 1000 100\" preserveAspectRatio=\"none\">\n\t<path class=\"elementor-shape-fill\" d=\"M0,6V0h1000v100L0,6z\"\/>\n<\/svg>\t\t<\/div>\n\t\t<div class=\"elementor-element elementor-element-30bd984 e-con-full e-flex e-con e-child\" data-id=\"30bd984\" data-element_type=\"container\" data-e-type=\"container\">\n\t\t\t\t<div class=\"elementor-element elementor-element-c773b98 elementor-widget elementor-widget-spacer\" data-id=\"c773b98\" data-element_type=\"widget\" data-e-type=\"widget\" data-widget_type=\"spacer.default\">\n\t\t\t\t<div class=\"elementor-widget-container\">\n\t\t\t\t\t\t\t<div class=\"elementor-spacer\">\n\t\t\t<div class=\"elementor-spacer-inner\"><\/div>\n\t\t<\/div>\n\t\t\t\t\t\t<\/div>\n\t\t\t\t<\/div>\n\t\t\t\t<div class=\"elementor-element elementor-element-cd78fe7 elementor-invisible elementor-widget elementor-widget-heading\" data-id=\"cd78fe7\" data-element_type=\"widget\" data-e-type=\"widget\" data-settings=\"{&quot;_animation&quot;:&quot;fadeInUp&quot;}\" data-widget_type=\"heading.default\">\n\t\t\t\t<div class=\"elementor-widget-container\">\n\t\t\t\t\t<h2 class=\"elementor-heading-title elementor-size-default\">Mes tarifs <\/h2>\t\t\t\t<\/div>\n\t\t\t\t<\/div>\n\t\t\t\t<div class=\"elementor-element elementor-element-7e8b6db elementor-invisible elementor-widget elementor-widget-image\" data-id=\"7e8b6db\" data-element_type=\"widget\" data-e-type=\"widget\" data-settings=\"{&quot;_animation&quot;:&quot;fadeIn&quot;}\" data-widget_type=\"image.default\">\n\t\t\t\t<div class=\"elementor-widget-container\">\n\t\t\t\t\t\t\t\t\t\t\t\t\t\t\t<img fetchpriority=\"high\" decoding=\"async\" width=\"1080\" height=\"1080\" src=\"https:\/\/lesclesdemathilde.fr\/wp-content\/uploads\/2024\/02\/Plan-de-travail-1-1.png\" class=\"attachment-full size-full wp-image-294\" alt=\"Apparement avec bow-window\" srcset=\"https:\/\/lesclesdemathilde.fr\/wp-content\/uploads\/2024\/02\/Plan-de-travail-1-1.png 1080w, https:\/\/lesclesdemathilde.fr\/wp-content\/uploads\/2024\/02\/Plan-de-travail-1-1-300x300.png 300w, https:\/\/lesclesdemathilde.fr\/wp-content\/uploads\/2024\/02\/Plan-de-travail-1-1-1024x1024.png 1024w, https:\/\/lesclesdemathilde.fr\/wp-content\/uploads\/2024\/02\/Plan-de-travail-1-1-150x150.png 150w, https:\/\/lesclesdemathilde.fr\/wp-content\/uploads\/2024\/02\/Plan-de-travail-1-1-768x768.png 768w\" sizes=\"(max-width: 1080px) 100vw, 1080px\" \/>\t\t\t\t\t\t\t\t\t\t\t\t\t\t\t<\/div>\n\t\t\t\t<\/div>\n\t\t\t\t<\/div>\n\t\t\t\t\t<\/div>\n\t\t\t\t<\/div>\n\t\t<div class=\"elementor-element elementor-element-2a6114a e-flex e-con-boxed e-con e-parent\" data-id=\"2a6114a\" data-element_type=\"container\" data-e-type=\"container\" data-settings=\"{&quot;background_background&quot;:&quot;classic&quot;}\">\n\t\t\t\t\t<div class=\"e-con-inner\">\n\t\t<div class=\"elementor-element elementor-element-61d9739 e-flex e-con-boxed e-con e-child\" data-id=\"61d9739\" data-element_type=\"container\" data-e-type=\"container\" data-settings=\"{&quot;background_background&quot;:&quot;classic&quot;}\">\n\t\t\t\t\t<div class=\"e-con-inner\">\n\t\t<div class=\"elementor-element elementor-element-13b5204 e-con-full e-flex e-con e-child\" data-id=\"13b5204\" data-element_type=\"container\" data-e-type=\"container\">\n\t\t\t\t<div class=\"elementor-element elementor-element-9aa695d elementor-widget elementor-widget-heading\" data-id=\"9aa695d\" data-element_type=\"widget\" data-e-type=\"widget\" data-widget_type=\"heading.default\">\n\t\t\t\t<div class=\"elementor-widget-container\">\n\t\t\t\t\t<h2 class=\"elementor-heading-title elementor-size-default\">Conciergerie<\/h2>\t\t\t\t<\/div>\n\t\t\t\t<\/div>\n\t\t\t\t<div class=\"elementor-element elementor-element-903c483 elementor-widget elementor-widget-heading\" data-id=\"903c483\" data-element_type=\"widget\" data-e-type=\"widget\" data-widget_type=\"heading.default\">\n\t\t\t\t<div class=\"elementor-widget-container\">\n\t\t\t\t\t<h2 class=\"elementor-heading-title elementor-size-default\"><p style=\"margin: 0px;font-style: normal;font-weight: normal;font-size: 40px;line-height: normal;font-family: Baskerville\"><b>20%<\/b><span style=\"font-style: normal;font-size: 30px;line-height: normal\"> <\/span><span style=\"font-style: normal;font-size: 26px;line-height: normal\"><sup>HT<\/sup><\/span><span style=\"font-family: Georgia, sans-serif;font-size: 45px;font-weight: 600;letter-spacing: 0.2px\"><\/span><\/p><\/h2>\t\t\t\t<\/div>\n\t\t\t\t<\/div>\n\t\t\t\t<div class=\"elementor-element elementor-element-8294f51 elementor-widget elementor-widget-text-editor\" data-id=\"8294f51\" data-element_type=\"widget\" data-e-type=\"widget\" data-widget_type=\"text-editor.default\">\n\t\t\t\t<div class=\"elementor-widget-container\">\n\t\t\t\t\t\t\t\t\t<p id=\"wp-block-themeisle-blocks-advanced-heading-36b869e4\" class=\"wp-block-themeisle-blocks-advanced-heading wp-block-themeisle-blocks-advanced-heading-36b869e4\">Tarif fix\u00e9 \u00e0 20% HT des revenus mensuels du bien<\/p><div id=\"wp-block-themeisle-blocks-icon-list-1ce3cb83\" class=\"wp-block-themeisle-blocks-icon-list\"><div id=\"wp-block-themeisle-blocks-icon-list-item-bd6e8ccf\" class=\"wp-block-themeisle-blocks-icon-list-item\"><div id=\"wp-block-themeisle-blocks-icon-list-item-8216d9b3\" class=\"wp-block-themeisle-blocks-icon-list-item\"><p class=\"wp-block-themeisle-blocks-icon-list-item-content\">Shooting photo<\/p><p class=\"wp-block-themeisle-blocks-icon-list-item-content\">R\u00e9daction de l\u2019annonce<\/p><\/div><p>Plan marketing<\/p><p class=\"wp-block-themeisle-blocks-icon-list-item-content\">Gestion du calendrier de r\u00e9servation\u00a0<\/p><\/div><div id=\"wp-block-themeisle-blocks-icon-list-item-532bf0a9\" class=\"wp-block-themeisle-blocks-icon-list-item\"><div id=\"wp-block-themeisle-blocks-icon-list-item-91e6d201\" class=\"wp-block-themeisle-blocks-icon-list-item\"><p class=\"wp-block-themeisle-blocks-icon-list-item-content\">Relations voyageurs<\/p><\/div><p>Check-in et check-out\u00a0<\/p><p class=\"wp-block-themeisle-blocks-icon-list-item-content\">M\u00e9nage professionnel<\/p><p class=\"wp-block-themeisle-blocks-icon-list-item-content\">Blanchisserie<\/p><p class=\"wp-block-themeisle-blocks-icon-list-item-content\">R\u00e9approvisionnement produits consommables<\/p><\/div><p>Petits travaux d&#8217;entretiens et suivi\u00a0<\/p><\/div>\t\t\t\t\t\t\t\t<\/div>\n\t\t\t\t<\/div>\n\t\t\t\t<\/div>\n\t\t\t\t\t<\/div>\n\t\t\t\t<\/div>\n\t\t\t\t\t<\/div>\n\t\t\t\t<\/div>\n\t\t\t\t<\/div>\n\t\t","protected":false},"excerpt":{"rendered":"<p>20% HT (+20% TVA) des revenus mensuels du bien (via la plateforme airbnb, booking) Mes tarifs Conciergerie 20% HT Tarif fix\u00e9 \u00e0 20% HT des revenus mensuels du bien Shooting photo R\u00e9daction de l\u2019annonce Plan marketing Gestion du calendrier de r\u00e9servation\u00a0 Relations voyageurs Check-in et check-out\u00a0 M\u00e9nage professionnel Blanchisserie R\u00e9approvisionnement produits consommables Petits travaux d&#8217;entretiens [&hellip;]<\/p>\n","protected":false},"author":1,"featured_media":0,"parent":0,"menu_order":0,"comment_status":"closed","ping_status":"closed","template":"","meta":{"footnotes":""},"class_list":["post-209","page","type-page","status-publish","hentry"],"yoast_head":"<!-- This site is optimized with the Yoast SEO plugin v27.3 - https:\/\/yoast.com\/product\/yoast-seo-wordpress\/ -->\n<title>Tarifs - Les cl\u00e9s de Mathilde<\/title>\n<meta name=\"description\" content=\"Tarif fix\u00e9 \u00e0 20% des revenus mensuels du bien, comprenant un ensemble de services personnalis\u00e9s.\" \/>\n<meta name=\"robots\" content=\"index, follow, max-snippet:-1, max-image-preview:large, max-video-preview:-1\" \/>\n<link rel=\"canonical\" href=\"https:\/\/lesclesdemathilde.fr\/index.php\/tarifs\/\" \/>\n<meta property=\"og:locale\" content=\"en_US\" \/>\n<meta property=\"og:type\" content=\"article\" \/>\n<meta property=\"og:title\" content=\"Tarifs - Les cl\u00e9s de Mathilde\" \/>\n<meta property=\"og:description\" content=\"Tarif fix\u00e9 \u00e0 20% des revenus mensuels du bien, comprenant un ensemble de services personnalis\u00e9s.\" \/>\n<meta property=\"og:url\" content=\"https:\/\/lesclesdemathilde.fr\/index.php\/tarifs\/\" \/>\n<meta property=\"og:site_name\" content=\"Les cl\u00e9s de Mathilde\" \/>\n<meta property=\"article:modified_time\" content=\"2024-11-28T14:03:53+00:00\" \/>\n<meta property=\"og:image\" content=\"https:\/\/lesclesdemathilde.fr\/wp-content\/uploads\/2024\/02\/Plan-de-travail-1-1.png\" \/>\n\t<meta property=\"og:image:width\" content=\"1080\" \/>\n\t<meta property=\"og:image:height\" content=\"1080\" \/>\n\t<meta property=\"og:image:type\" content=\"image\/png\" \/>\n<meta name=\"twitter:card\" content=\"summary_large_image\" \/>\n<meta name=\"twitter:label1\" content=\"Est. reading time\" \/>\n\t<meta name=\"twitter:data1\" content=\"1 minute\" \/>\n<script type=\"application\/ld+json\" class=\"yoast-schema-graph\">{\"@context\":\"https:\\\/\\\/schema.org\",\"@graph\":[{\"@type\":\"WebPage\",\"@id\":\"https:\\\/\\\/lesclesdemathilde.fr\\\/index.php\\\/tarifs\\\/\",\"url\":\"https:\\\/\\\/lesclesdemathilde.fr\\\/index.php\\\/tarifs\\\/\",\"name\":\"Tarifs - Les cl\u00e9s de Mathilde\",\"isPartOf\":{\"@id\":\"https:\\\/\\\/lesclesdemathilde.fr\\\/#website\"},\"primaryImageOfPage\":{\"@id\":\"https:\\\/\\\/lesclesdemathilde.fr\\\/index.php\\\/tarifs\\\/#primaryimage\"},\"image\":{\"@id\":\"https:\\\/\\\/lesclesdemathilde.fr\\\/index.php\\\/tarifs\\\/#primaryimage\"},\"thumbnailUrl\":\"http:\\\/\\\/lesclesdemathilde.fr\\\/wp-content\\\/uploads\\\/2024\\\/02\\\/Plan-de-travail-1-1.png\",\"datePublished\":\"2024-02-14T10:25:30+00:00\",\"dateModified\":\"2024-11-28T14:03:53+00:00\",\"description\":\"Tarif fix\u00e9 \u00e0 20% des revenus mensuels du bien, comprenant un ensemble de services personnalis\u00e9s.\",\"breadcrumb\":{\"@id\":\"https:\\\/\\\/lesclesdemathilde.fr\\\/index.php\\\/tarifs\\\/#breadcrumb\"},\"inLanguage\":\"en-US\",\"potentialAction\":[{\"@type\":\"ReadAction\",\"target\":[\"https:\\\/\\\/lesclesdemathilde.fr\\\/index.php\\\/tarifs\\\/\"]}]},{\"@type\":\"ImageObject\",\"inLanguage\":\"en-US\",\"@id\":\"https:\\\/\\\/lesclesdemathilde.fr\\\/index.php\\\/tarifs\\\/#primaryimage\",\"url\":\"http:\\\/\\\/lesclesdemathilde.fr\\\/wp-content\\\/uploads\\\/2024\\\/02\\\/Plan-de-travail-1-1.png\",\"contentUrl\":\"http:\\\/\\\/lesclesdemathilde.fr\\\/wp-content\\\/uploads\\\/2024\\\/02\\\/Plan-de-travail-1-1.png\"},{\"@type\":\"BreadcrumbList\",\"@id\":\"https:\\\/\\\/lesclesdemathilde.fr\\\/index.php\\\/tarifs\\\/#breadcrumb\",\"itemListElement\":[{\"@type\":\"ListItem\",\"position\":1,\"name\":\"Accueil\",\"item\":\"https:\\\/\\\/lesclesdemathilde.fr\\\/\"},{\"@type\":\"ListItem\",\"position\":2,\"name\":\"Tarifs\"}]},{\"@type\":\"WebSite\",\"@id\":\"https:\\\/\\\/lesclesdemathilde.fr\\\/#website\",\"url\":\"https:\\\/\\\/lesclesdemathilde.fr\\\/\",\"name\":\"Les cl\u00e9s de Mathilde\",\"description\":\"Service de conciergerie sur la m\u00e9tropole lilloise\",\"publisher\":{\"@id\":\"https:\\\/\\\/lesclesdemathilde.fr\\\/#organization\"},\"potentialAction\":[{\"@type\":\"SearchAction\",\"target\":{\"@type\":\"EntryPoint\",\"urlTemplate\":\"https:\\\/\\\/lesclesdemathilde.fr\\\/?s={search_term_string}\"},\"query-input\":{\"@type\":\"PropertyValueSpecification\",\"valueRequired\":true,\"valueName\":\"search_term_string\"}}],\"inLanguage\":\"en-US\"},{\"@type\":\"Organization\",\"@id\":\"https:\\\/\\\/lesclesdemathilde.fr\\\/#organization\",\"name\":\"Les cl\u00e9s de Mathilde\",\"url\":\"https:\\\/\\\/lesclesdemathilde.fr\\\/\",\"logo\":{\"@type\":\"ImageObject\",\"inLanguage\":\"en-US\",\"@id\":\"https:\\\/\\\/lesclesdemathilde.fr\\\/#\\\/schema\\\/logo\\\/image\\\/\",\"url\":\"https:\\\/\\\/lesclesdemathilde.fr\\\/wp-content\\\/uploads\\\/2024\\\/02\\\/cropped-Capture-decran-2024-02-13-a-14.25.19.png\",\"contentUrl\":\"https:\\\/\\\/lesclesdemathilde.fr\\\/wp-content\\\/uploads\\\/2024\\\/02\\\/cropped-Capture-decran-2024-02-13-a-14.25.19.png\",\"width\":792,\"height\":391,\"caption\":\"Les cl\u00e9s de Mathilde\"},\"image\":{\"@id\":\"https:\\\/\\\/lesclesdemathilde.fr\\\/#\\\/schema\\\/logo\\\/image\\\/\"},\"sameAs\":[\"https:\\\/\\\/instagram.com\\\/lesclesdemathilde_conciergerie\"]}]}<\/script>\n<!-- \/ Yoast SEO plugin. -->","yoast_head_json":{"title":"Tarifs - Les cl\u00e9s de Mathilde","description":"Tarif fix\u00e9 \u00e0 20% des revenus mensuels du bien, comprenant un ensemble de services personnalis\u00e9s.","robots":{"index":"index","follow":"follow","max-snippet":"max-snippet:-1","max-image-preview":"max-image-preview:large","max-video-preview":"max-video-preview:-1"},"canonical":"https:\/\/lesclesdemathilde.fr\/index.php\/tarifs\/","og_locale":"en_US","og_type":"article","og_title":"Tarifs - Les cl\u00e9s de Mathilde","og_description":"Tarif fix\u00e9 \u00e0 20% des revenus mensuels du bien, comprenant un ensemble de services personnalis\u00e9s.","og_url":"https:\/\/lesclesdemathilde.fr\/index.php\/tarifs\/","og_site_name":"Les cl\u00e9s de Mathilde","article_modified_time":"2024-11-28T14:03:53+00:00","og_image":[{"width":1080,"height":1080,"url":"https:\/\/lesclesdemathilde.fr\/wp-content\/uploads\/2024\/02\/Plan-de-travail-1-1.png","type":"image\/png"}],"twitter_card":"summary_large_image","twitter_misc":{"Est. reading time":"1 minute"},"schema":{"@context":"https:\/\/schema.org","@graph":[{"@type":"WebPage","@id":"https:\/\/lesclesdemathilde.fr\/index.php\/tarifs\/","url":"https:\/\/lesclesdemathilde.fr\/index.php\/tarifs\/","name":"Tarifs - Les cl\u00e9s de Mathilde","isPartOf":{"@id":"https:\/\/lesclesdemathilde.fr\/#website"},"primaryImageOfPage":{"@id":"https:\/\/lesclesdemathilde.fr\/index.php\/tarifs\/#primaryimage"},"image":{"@id":"https:\/\/lesclesdemathilde.fr\/index.php\/tarifs\/#primaryimage"},"thumbnailUrl":"http:\/\/lesclesdemathilde.fr\/wp-content\/uploads\/2024\/02\/Plan-de-travail-1-1.png","datePublished":"2024-02-14T10:25:30+00:00","dateModified":"2024-11-28T14:03:53+00:00","description":"Tarif fix\u00e9 \u00e0 20% des revenus mensuels du bien, comprenant un ensemble de services personnalis\u00e9s.","breadcrumb":{"@id":"https:\/\/lesclesdemathilde.fr\/index.php\/tarifs\/#breadcrumb"},"inLanguage":"en-US","potentialAction":[{"@type":"ReadAction","target":["https:\/\/lesclesdemathilde.fr\/index.php\/tarifs\/"]}]},{"@type":"ImageObject","inLanguage":"en-US","@id":"https:\/\/lesclesdemathilde.fr\/index.php\/tarifs\/#primaryimage","url":"http:\/\/lesclesdemathilde.fr\/wp-content\/uploads\/2024\/02\/Plan-de-travail-1-1.png","contentUrl":"http:\/\/lesclesdemathilde.fr\/wp-content\/uploads\/2024\/02\/Plan-de-travail-1-1.png"},{"@type":"BreadcrumbList","@id":"https:\/\/lesclesdemathilde.fr\/index.php\/tarifs\/#breadcrumb","itemListElement":[{"@type":"ListItem","position":1,"name":"Accueil","item":"https:\/\/lesclesdemathilde.fr\/"},{"@type":"ListItem","position":2,"name":"Tarifs"}]},{"@type":"WebSite","@id":"https:\/\/lesclesdemathilde.fr\/#website","url":"https:\/\/lesclesdemathilde.fr\/","name":"Les cl\u00e9s de Mathilde","description":"Service de conciergerie sur la m\u00e9tropole lilloise","publisher":{"@id":"https:\/\/lesclesdemathilde.fr\/#organization"},"potentialAction":[{"@type":"SearchAction","target":{"@type":"EntryPoint","urlTemplate":"https:\/\/lesclesdemathilde.fr\/?s={search_term_string}"},"query-input":{"@type":"PropertyValueSpecification","valueRequired":true,"valueName":"search_term_string"}}],"inLanguage":"en-US"},{"@type":"Organization","@id":"https:\/\/lesclesdemathilde.fr\/#organization","name":"Les cl\u00e9s de Mathilde","url":"https:\/\/lesclesdemathilde.fr\/","logo":{"@type":"ImageObject","inLanguage":"en-US","@id":"https:\/\/lesclesdemathilde.fr\/#\/schema\/logo\/image\/","url":"https:\/\/lesclesdemathilde.fr\/wp-content\/uploads\/2024\/02\/cropped-Capture-decran-2024-02-13-a-14.25.19.png","contentUrl":"https:\/\/lesclesdemathilde.fr\/wp-content\/uploads\/2024\/02\/cropped-Capture-decran-2024-02-13-a-14.25.19.png","width":792,"height":391,"caption":"Les cl\u00e9s de Mathilde"},"image":{"@id":"https:\/\/lesclesdemathilde.fr\/#\/schema\/logo\/image\/"},"sameAs":["https:\/\/instagram.com\/lesclesdemathilde_conciergerie"]}]}},"jetpack_sharing_enabled":true,"_links":{"self":[{"href":"https:\/\/lesclesdemathilde.fr\/index.php\/wp-json\/wp\/v2\/pages\/209","targetHints":{"allow":["GET"]}}],"collection":[{"href":"https:\/\/lesclesdemathilde.fr\/index.php\/wp-json\/wp\/v2\/pages"}],"about":[{"href":"https:\/\/lesclesdemathilde.fr\/index.php\/wp-json\/wp\/v2\/types\/page"}],"author":[{"embeddable":true,"href":"https:\/\/lesclesdemathilde.fr\/index.php\/wp-json\/wp\/v2\/users\/1"}],"replies":[{"embeddable":true,"href":"https:\/\/lesclesdemathilde.fr\/index.php\/wp-json\/wp\/v2\/comments?post=209"}],"version-history":[{"count":49,"href":"https:\/\/lesclesdemathilde.fr\/index.php\/wp-json\/wp\/v2\/pages\/209\/revisions"}],"predecessor-version":[{"id":841,"href":"https:\/\/lesclesdemathilde.fr\/index.php\/wp-json\/wp\/v2\/pages\/209\/revisions\/841"}],"wp:attachment":[{"href":"https:\/\/lesclesdemathilde.fr\/index.php\/wp-json\/wp\/v2\/media?parent=209"}],"curies":[{"name":"wp","href":"https:\/\/api.w.org\/{rel}","templated":true}]}}